{"id":4273,"date":"2025-04-29T19:29:41","date_gmt":"2025-04-29T17:29:41","guid":{"rendered":"https:\/\/netceed.com\/pl\/sustainability\/"},"modified":"2026-01-29T16:12:59","modified_gmt":"2026-01-29T15:12:59","slug":"zrownowazony-rozwoj","status":"publish","type":"page","link":"https:\/\/netceed.com\/pl\/zrownowazony-rozwoj\/","title":{"rendered":"Zr\u00f3wnowa\u017cony rozw\u00f3j"},"content":{"rendered":"","protected":false},"excerpt":{"rendered":"","protected":false},"author":53,"featured_media":3924,"parent":0,"menu_order":0,"comment_status":"closed","ping_status":"closed","template":"page_flex.php","meta":{"_acf_changed":false},"regions":[],"class_list":["post-4273","page","type-page","status-publish","has-post-thumbnail","hentry"],"acf":[],"_links":{"self":[{"href":"https:\/\/netceed.com\/pl\/wp-json\/wp\/v2\/pages\/4273","targetHints":{"allow":["GET"]}}],"collection":[{"href":"https:\/\/netceed.com\/pl\/wp-json\/wp\/v2\/pages"}],"about":[{"href":"https:\/\/netceed.com\/pl\/wp-json\/wp\/v2\/types\/page"}],"author":[{"embeddable":true,"href":"https:\/\/netceed.com\/pl\/wp-json\/wp\/v2\/users\/53"}],"replies":[{"embeddable":true,"href":"https:\/\/netceed.com\/pl\/wp-json\/wp\/v2\/comments?post=4273"}],"version-history":[{"count":6,"href":"https:\/\/netceed.com\/pl\/wp-json\/wp\/v2\/pages\/4273\/revisions"}],"predecessor-version":[{"id":4887,"href":"https:\/\/netceed.com\/pl\/wp-json\/wp\/v2\/pages\/4273\/revisions\/4887"}],"wp:featuredmedia":[{"embeddable":true,"href":"https:\/\/netceed.com\/pl\/wp-json\/wp\/v2\/media\/3924"}],"wp:attachment":[{"href":"https:\/\/netceed.com\/pl\/wp-json\/wp\/v2\/media?parent=4273"}],"wp:term":[{"taxonomy":"regions","embeddable":true,"href":"https:\/\/netceed.com\/pl\/wp-json\/wp\/v2\/regions?post=4273"}],"curies":[{"name":"wp","href":"https:\/\/api.w.org\/{rel}","templated":true}]}}